{"id":27,"date":"2024-05-01T12:22:55","date_gmt":"2024-05-01T12:22:55","guid":{"rendered":"https:\/\/hostelsibiu.com\/?page_id=27"},"modified":"2026-04-01T14:17:47","modified_gmt":"2026-04-01T14:17:47","slug":"accommodation","status":"publish","type":"page","link":"https:\/\/hostelsibiu.com\/ro\/cazare\/","title":{"rendered":"Cazare"},"content":{"rendered":"\r\n<h2 class=\"wp-block-heading\">Hi Bye! Hostel ** Sibiu, Romania<\/h2>\r\n\r\n\r\n\r\n<p class=\"has-medium-font-size\"><strong>Pret<\/strong>: 100 RON de persoan\u0103 pe noapte<\/p>\r\n\r\n\r\n\r\n<p><strong>Mic dejun<\/strong> (optional): 25 RON de persoan\u0103 pe noapte<\/p>\r\n\r\n\r\n\r\n<h2 class=\"wp-block-heading\">Camere &amp; Facilitati<\/h2>\r\n\r\n\r\n\r\n<p class=\"has-medium-font-size\">4 camere cu 4 paturi supraetajate<\/p>\r\n\r\n\r\n\r\n<div class=\"wp-block-columns is-layout-flex wp-container-core-columns-is-layout-9d6595d7 wp-block-columns-is-layout-flex\">\r\n<div class=\"wp-block-column is-layout-flow wp-block-column-is-layout-flow\">\r\n<figure data-wp-context=\"{&quot;imageId&quot;:&quot;69e7e3c08059d&quot;}\" data-wp-interactive=\"core\/image\" data-wp-key=\"69e7e3c08059d\" class=\"wp-block-image size-full wp-lightbox-container\"><img loading=\"lazy\" decoding=\"async\" width=\"800\" height=\"1100\" data-wp-class--hide=\"state.isContentHidden\" data-wp-class--show=\"state.isContentVisible\" data-wp-init=\"callbacks.setButtonStyles\" data-wp-on--click=\"actions.showLightbox\" data-wp-on--load=\"callbacks.setButtonStyles\" data-wp-on-window--resize=\"callbacks.setButtonStyles\" src=\"https:\/\/hostelsibiu.com\/wp-content\/uploads\/WhatsApp-Image-2026-03-31-at-14.17.57-e1775052850393.jpeg\" alt=\"\" class=\"wp-image-280\" srcset=\"https:\/\/hostelsibiu.com\/wp-content\/uploads\/WhatsApp-Image-2026-03-31-at-14.17.57-e1775052850393.jpeg 800w, https:\/\/hostelsibiu.com\/wp-content\/uploads\/WhatsApp-Image-2026-03-31-at-14.17.57-e1775052850393-436x600.jpeg 436w, https:\/\/hostelsibiu.com\/wp-content\/uploads\/WhatsApp-Image-2026-03-31-at-14.17.57-e1775052850393-768x1056.jpeg 768w, https:\/\/hostelsibiu.com\/wp-content\/uploads\/WhatsApp-Image-2026-03-31-at-14.17.57-e1775052850393-745x1024.jpeg 745w\" sizes=\"auto, (max-width: 800px) 100vw, 800px\" \/><button\n\t\t\tclass=\"lightbox-trigger\"\n\t\t\ttype=\"button\"\n\t\t\taria-haspopup=\"dialog\"\n\t\t\taria-label=\"Extinde\"\n\t\t\tdata-wp-init=\"callbacks.initTriggerButton\"\n\t\t\tdata-wp-on--click=\"actions.showLightbox\"\n\t\t\tdata-wp-style--right=\"state.imageButtonRight\"\n\t\t\tdata-wp-style--top=\"state.imageButtonTop\"\n\t\t>\n\t\t\t<svg xmlns=\"http:\/\/www.w3.org\/2000\/svg\" width=\"12\" height=\"12\" fill=\"none\" viewBox=\"0 0 12 12\">\n\t\t\t\t<path fill=\"#fff\" d=\"M2 0a2 2 0 0 0-2 2v2h1.5V2a.5.5 0 0 1 .5-.5h2V0H2Zm2 10.5H2a.5.5 0 0 1-.5-.5V8H0v2a2 2 0 0 0 2 2h2v-1.5ZM8 12v-1.5h2a.5.5 0 0 0 .5-.5V8H12v2a2 2 0 0 1-2 2H8Zm2-12a2 2 0 0 1 2 2v2h-1.5V2a.5.5 0 0 0-.5-.5H8V0h2Z\" \/>\n\t\t\t<\/svg>\n\t\t<\/button><\/figure>\r\n<\/div>\r\n\r\n\r\n\r\n<div class=\"wp-block-column is-layout-flow wp-block-column-is-layout-flow\">\r\n<figure data-wp-context=\"{&quot;imageId&quot;:&quot;69e7e3c080987&quot;}\" data-wp-interactive=\"core\/image\" data-wp-key=\"69e7e3c080987\" class=\"wp-block-image size-full wp-lightbox-container\"><img loading=\"lazy\" decoding=\"async\" width=\"806\" height=\"1106\" data-wp-class--hide=\"state.isContentHidden\" data-wp-class--show=\"state.isContentVisible\" data-wp-init=\"callbacks.setButtonStyles\" data-wp-on--click=\"actions.showLightbox\" data-wp-on--load=\"callbacks.setButtonStyles\" data-wp-on-window--resize=\"callbacks.setButtonStyles\" src=\"https:\/\/hostelsibiu.com\/wp-content\/uploads\/WhatsApp-Image-2026-03-31-at-14.17.56-e1775052881815.jpeg\" alt=\"\" class=\"wp-image-279\" srcset=\"https:\/\/hostelsibiu.com\/wp-content\/uploads\/WhatsApp-Image-2026-03-31-at-14.17.56-e1775052881815.jpeg 806w, https:\/\/hostelsibiu.com\/wp-content\/uploads\/WhatsApp-Image-2026-03-31-at-14.17.56-e1775052881815-437x600.jpeg 437w, https:\/\/hostelsibiu.com\/wp-content\/uploads\/WhatsApp-Image-2026-03-31-at-14.17.56-e1775052881815-768x1054.jpeg 768w, https:\/\/hostelsibiu.com\/wp-content\/uploads\/WhatsApp-Image-2026-03-31-at-14.17.56-e1775052881815-746x1024.jpeg 746w\" sizes=\"auto, (max-width: 806px) 100vw, 806px\" \/><button\n\t\t\tclass=\"lightbox-trigger\"\n\t\t\ttype=\"button\"\n\t\t\taria-haspopup=\"dialog\"\n\t\t\taria-label=\"Extinde\"\n\t\t\tdata-wp-init=\"callbacks.initTriggerButton\"\n\t\t\tdata-wp-on--click=\"actions.showLightbox\"\n\t\t\tdata-wp-style--right=\"state.imageButtonRight\"\n\t\t\tdata-wp-style--top=\"state.imageButtonTop\"\n\t\t>\n\t\t\t<svg xmlns=\"http:\/\/www.w3.org\/2000\/svg\" width=\"12\" height=\"12\" fill=\"none\" viewBox=\"0 0 12 12\">\n\t\t\t\t<path fill=\"#fff\" d=\"M2 0a2 2 0 0 0-2 2v2h1.5V2a.5.5 0 0 1 .5-.5h2V0H2Zm2 10.5H2a.5.5 0 0 1-.5-.5V8H0v2a2 2 0 0 0 2 2h2v-1.5ZM8 12v-1.5h2a.5.5 0 0 0 .5-.5V8H12v2a2 2 0 0 1-2 2H8Zm2-12a2 2 0 0 1 2 2v2h-1.5V2a.5.5 0 0 0-.5-.5H8V0h2Z\" \/>\n\t\t\t<\/svg>\n\t\t<\/button><\/figure>\r\n<\/div>\r\n<\/div>\r\n\r\n\r\n\r\n<p class=\"has-medium-font-size\">Vestiar<\/p>\r\n\r\n\r\n\r\n<div class=\"wp-block-columns is-layout-flex wp-container-core-columns-is-layout-9d6595d7 wp-block-columns-is-layout-flex\">\r\n\r\n\r\n<div class=\"wp-block-column is-layout-flow wp-block-column-is-layout-flow\">\r\n\r\n\r\n<figure data-wp-context=\"{&quot;imageId&quot;:&quot;69e7e3c080baf&quot;}\" data-wp-interactive=\"core\/image\" data-wp-key=\"69e7e3c080baf\" class=\"wp-block-image size-full wp-lightbox-container\"><img decoding=\"async\" data-wp-class--hide=\"state.isContentHidden\" data-wp-class--show=\"state.isContentVisible\" data-wp-init=\"callbacks.setButtonStyles\" data-wp-on--click=\"actions.showLightbox\" data-wp-on--load=\"callbacks.setButtonStyles\" data-wp-on-window--resize=\"callbacks.setButtonStyles\" class=\"wp-image-68\" src=\"https:\/\/hostelsibiu.com\/wp-content\/uploads\/2024\/05\/IMG_4840.jpg\" alt=\"\" \/><button\n\t\t\tclass=\"lightbox-trigger\"\n\t\t\ttype=\"button\"\n\t\t\taria-haspopup=\"dialog\"\n\t\t\taria-label=\"Extinde\"\n\t\t\tdata-wp-init=\"callbacks.initTriggerButton\"\n\t\t\tdata-wp-on--click=\"actions.showLightbox\"\n\t\t\tdata-wp-style--right=\"state.imageButtonRight\"\n\t\t\tdata-wp-style--top=\"state.imageButtonTop\"\n\t\t>\n\t\t\t<svg xmlns=\"http:\/\/www.w3.org\/2000\/svg\" width=\"12\" height=\"12\" fill=\"none\" viewBox=\"0 0 12 12\">\n\t\t\t\t<path fill=\"#fff\" d=\"M2 0a2 2 0 0 0-2 2v2h1.5V2a.5.5 0 0 1 .5-.5h2V0H2Zm2 10.5H2a.5.5 0 0 1-.5-.5V8H0v2a2 2 0 0 0 2 2h2v-1.5ZM8 12v-1.5h2a.5.5 0 0 0 .5-.5V8H12v2a2 2 0 0 1-2 2H8Zm2-12a2 2 0 0 1 2 2v2h-1.5V2a.5.5 0 0 0-.5-.5H8V0h2Z\" \/>\n\t\t\t<\/svg>\n\t\t<\/button><\/figure>\r\n\r\n\r\n<\/div>\r\n\r\n\r\n\r\n<div class=\"wp-block-column is-layout-flow wp-block-column-is-layout-flow\">\r\n\r\n\r\n<figure data-wp-context=\"{&quot;imageId&quot;:&quot;69e7e3c080d30&quot;}\" data-wp-interactive=\"core\/image\" data-wp-key=\"69e7e3c080d30\" class=\"wp-block-image size-full is-resized wp-lightbox-container\"><img decoding=\"async\" data-wp-class--hide=\"state.isContentHidden\" data-wp-class--show=\"state.isContentVisible\" data-wp-init=\"callbacks.setButtonStyles\" data-wp-on--click=\"actions.showLightbox\" data-wp-on--load=\"callbacks.setButtonStyles\" data-wp-on-window--resize=\"callbacks.setButtonStyles\" class=\"wp-image-69\" style=\"width: 180px; height: auto;\" src=\"https:\/\/hostelsibiu.com\/wp-content\/uploads\/2024\/05\/IMG_4851.jpg\" alt=\"\" \/><button\n\t\t\tclass=\"lightbox-trigger\"\n\t\t\ttype=\"button\"\n\t\t\taria-haspopup=\"dialog\"\n\t\t\taria-label=\"Extinde\"\n\t\t\tdata-wp-init=\"callbacks.initTriggerButton\"\n\t\t\tdata-wp-on--click=\"actions.showLightbox\"\n\t\t\tdata-wp-style--right=\"state.imageButtonRight\"\n\t\t\tdata-wp-style--top=\"state.imageButtonTop\"\n\t\t>\n\t\t\t<svg xmlns=\"http:\/\/www.w3.org\/2000\/svg\" width=\"12\" height=\"12\" fill=\"none\" viewBox=\"0 0 12 12\">\n\t\t\t\t<path fill=\"#fff\" d=\"M2 0a2 2 0 0 0-2 2v2h1.5V2a.5.5 0 0 1 .5-.5h2V0H2Zm2 10.5H2a.5.5 0 0 1-.5-.5V8H0v2a2 2 0 0 0 2 2h2v-1.5ZM8 12v-1.5h2a.5.5 0 0 0 .5-.5V8H12v2a2 2 0 0 1-2 2H8Zm2-12a2 2 0 0 1 2 2v2h-1.5V2a.5.5 0 0 0-.5-.5H8V0h2Z\" \/>\n\t\t\t<\/svg>\n\t\t<\/button><\/figure>\r\n\r\n\r\n<\/div>\r\n\r\n\r\n<\/div>\r\n\r\n\r\n\r\n<p class=\"has-medium-font-size\">Dou\u0103 b\u0103i fiecare cu dou\u0103 du\u0219uri<br>\r\nDou\u0103 toalete (b\u0103ie\u021bi\/fete) + dou\u0103 toalete suplimentare la parter<\/p>\r\n\r\n\r\n\r\n<div class=\"wp-block-columns is-layout-flex wp-container-core-columns-is-layout-9d6595d7 wp-block-columns-is-layout-flex\">\r\n\r\n\r\n<div class=\"wp-block-column is-layout-flow wp-block-column-is-layout-flow\">\r\n\r\n\r\n<figure data-wp-context=\"{&quot;imageId&quot;:&quot;69e7e3c080f4c&quot;}\" data-wp-interactive=\"core\/image\" data-wp-key=\"69e7e3c080f4c\" class=\"wp-block-image size-full wp-lightbox-container\"><img decoding=\"async\" data-wp-class--hide=\"state.isContentHidden\" data-wp-class--show=\"state.isContentVisible\" data-wp-init=\"callbacks.setButtonStyles\" data-wp-on--click=\"actions.showLightbox\" data-wp-on--load=\"callbacks.setButtonStyles\" data-wp-on-window--resize=\"callbacks.setButtonStyles\" class=\"wp-image-75\" src=\"https:\/\/hostelsibiu.com\/wp-content\/uploads\/2024\/05\/IMG_4795.jpg\" alt=\"\" \/><button\n\t\t\tclass=\"lightbox-trigger\"\n\t\t\ttype=\"button\"\n\t\t\taria-haspopup=\"dialog\"\n\t\t\taria-label=\"Extinde\"\n\t\t\tdata-wp-init=\"callbacks.initTriggerButton\"\n\t\t\tdata-wp-on--click=\"actions.showLightbox\"\n\t\t\tdata-wp-style--right=\"state.imageButtonRight\"\n\t\t\tdata-wp-style--top=\"state.imageButtonTop\"\n\t\t>\n\t\t\t<svg xmlns=\"http:\/\/www.w3.org\/2000\/svg\" width=\"12\" height=\"12\" fill=\"none\" viewBox=\"0 0 12 12\">\n\t\t\t\t<path fill=\"#fff\" d=\"M2 0a2 2 0 0 0-2 2v2h1.5V2a.5.5 0 0 1 .5-.5h2V0H2Zm2 10.5H2a.5.5 0 0 1-.5-.5V8H0v2a2 2 0 0 0 2 2h2v-1.5ZM8 12v-1.5h2a.5.5 0 0 0 .5-.5V8H12v2a2 2 0 0 1-2 2H8Zm2-12a2 2 0 0 1 2 2v2h-1.5V2a.5.5 0 0 0-.5-.5H8V0h2Z\" \/>\n\t\t\t<\/svg>\n\t\t<\/button><\/figure>\r\n\r\n\r\n<\/div>\r\n\r\n\r\n\r\n<div class=\"wp-block-column is-layout-flow wp-block-column-is-layout-flow\">\r\n\r\n\r\n<figure data-wp-context=\"{&quot;imageId&quot;:&quot;69e7e3c0810cd&quot;}\" data-wp-interactive=\"core\/image\" data-wp-key=\"69e7e3c0810cd\" class=\"wp-block-image size-full wp-lightbox-container\"><img decoding=\"async\" data-wp-class--hide=\"state.isContentHidden\" data-wp-class--show=\"state.isContentVisible\" data-wp-init=\"callbacks.setButtonStyles\" data-wp-on--click=\"actions.showLightbox\" data-wp-on--load=\"callbacks.setButtonStyles\" data-wp-on-window--resize=\"callbacks.setButtonStyles\" class=\"wp-image-74\" src=\"https:\/\/hostelsibiu.com\/wp-content\/uploads\/2024\/05\/IMG_4793.jpg\" alt=\"\" \/><button\n\t\t\tclass=\"lightbox-trigger\"\n\t\t\ttype=\"button\"\n\t\t\taria-haspopup=\"dialog\"\n\t\t\taria-label=\"Extinde\"\n\t\t\tdata-wp-init=\"callbacks.initTriggerButton\"\n\t\t\tdata-wp-on--click=\"actions.showLightbox\"\n\t\t\tdata-wp-style--right=\"state.imageButtonRight\"\n\t\t\tdata-wp-style--top=\"state.imageButtonTop\"\n\t\t>\n\t\t\t<svg xmlns=\"http:\/\/www.w3.org\/2000\/svg\" width=\"12\" height=\"12\" fill=\"none\" viewBox=\"0 0 12 12\">\n\t\t\t\t<path fill=\"#fff\" d=\"M2 0a2 2 0 0 0-2 2v2h1.5V2a.5.5 0 0 1 .5-.5h2V0H2Zm2 10.5H2a.5.5 0 0 1-.5-.5V8H0v2a2 2 0 0 0 2 2h2v-1.5ZM8 12v-1.5h2a.5.5 0 0 0 .5-.5V8H12v2a2 2 0 0 1-2 2H8Zm2-12a2 2 0 0 1 2 2v2h-1.5V2a.5.5 0 0 0-.5-.5H8V0h2Z\" \/>\n\t\t\t<\/svg>\n\t\t<\/button><\/figure>\r\n\r\n\r\n<\/div>\r\n\r\n\r\n\r\n<div class=\"wp-block-column is-layout-flow wp-block-column-is-layout-flow\">\r\n\r\n\r\n<figure data-wp-context=\"{&quot;imageId&quot;:&quot;69e7e3c081219&quot;}\" data-wp-interactive=\"core\/image\" data-wp-key=\"69e7e3c081219\" class=\"wp-block-image size-full wp-lightbox-container\"><img loading=\"lazy\" decoding=\"async\" width=\"1505\" height=\"2258\" data-wp-class--hide=\"state.isContentHidden\" data-wp-class--show=\"state.isContentVisible\" data-wp-init=\"callbacks.setButtonStyles\" data-wp-on--click=\"actions.showLightbox\" data-wp-on--load=\"callbacks.setButtonStyles\" data-wp-on-window--resize=\"callbacks.setButtonStyles\" class=\"wp-image-76\" src=\"https:\/\/hostelsibiu.com\/wp-content\/uploads\/2024\/05\/IMG_4799.jpg\" alt=\"\" srcset=\"https:\/\/hostelsibiu.com\/wp-content\/uploads\/2024\/05\/IMG_4799.jpg 1505w, https:\/\/hostelsibiu.com\/wp-content\/uploads\/2024\/05\/IMG_4799-400x600.jpg 400w, https:\/\/hostelsibiu.com\/wp-content\/uploads\/2024\/05\/IMG_4799-683x1024.jpg 683w, https:\/\/hostelsibiu.com\/wp-content\/uploads\/2024\/05\/IMG_4799-768x1152.jpg 768w, https:\/\/hostelsibiu.com\/wp-content\/uploads\/2024\/05\/IMG_4799-1024x1536.jpg 1024w, https:\/\/hostelsibiu.com\/wp-content\/uploads\/2024\/05\/IMG_4799-1365x2048.jpg 1365w\" sizes=\"auto, (max-width: 1505px) 100vw, 1505px\" \/><button\n\t\t\tclass=\"lightbox-trigger\"\n\t\t\ttype=\"button\"\n\t\t\taria-haspopup=\"dialog\"\n\t\t\taria-label=\"Extinde\"\n\t\t\tdata-wp-init=\"callbacks.initTriggerButton\"\n\t\t\tdata-wp-on--click=\"actions.showLightbox\"\n\t\t\tdata-wp-style--right=\"state.imageButtonRight\"\n\t\t\tdata-wp-style--top=\"state.imageButtonTop\"\n\t\t>\n\t\t\t<svg xmlns=\"http:\/\/www.w3.org\/2000\/svg\" width=\"12\" height=\"12\" fill=\"none\" viewBox=\"0 0 12 12\">\n\t\t\t\t<path fill=\"#fff\" d=\"M2 0a2 2 0 0 0-2 2v2h1.5V2a.5.5 0 0 1 .5-.5h2V0H2Zm2 10.5H2a.5.5 0 0 1-.5-.5V8H0v2a2 2 0 0 0 2 2h2v-1.5ZM8 12v-1.5h2a.5.5 0 0 0 .5-.5V8H12v2a2 2 0 0 1-2 2H8Zm2-12a2 2 0 0 1 2 2v2h-1.5V2a.5.5 0 0 0-.5-.5H8V0h2Z\" \/>\n\t\t\t<\/svg>\n\t\t<\/button><\/figure>\r\n\r\n\r\n<\/div>\r\n\r\n\r\n<\/div>\r\n","protected":false},"excerpt":{"rendered":"<p>Hi Bye! Hostel ** Sibiu, Romania Pret: 100 RON de persoan\u0103 pe noapte Mic dejun (optional): 25 RON de persoan\u0103 pe noapte Camere &amp; Facilitati 4 camere cu 4 paturi supraetajate Vestiar Dou\u0103 b\u0103i fiecare cu dou\u0103 du\u0219uri Dou\u0103 toalete (b\u0103ie\u021bi\/fete) + dou\u0103 toalete suplimentare la parter<\/p>\n","protected":false},"author":1,"featured_media":0,"parent":0,"menu_order":0,"comment_status":"closed","ping_status":"closed","template":"","meta":{"footnotes":""},"class_list":["post-27","page","type-page","status-publish","hentry"],"_links":{"self":[{"href":"https:\/\/hostelsibiu.com\/ro\/wp-json\/wp\/v2\/pages\/27","targetHints":{"allow":["GET"]}}],"collection":[{"href":"https:\/\/hostelsibiu.com\/ro\/wp-json\/wp\/v2\/pages"}],"about":[{"href":"https:\/\/hostelsibiu.com\/ro\/wp-json\/wp\/v2\/types\/page"}],"author":[{"embeddable":true,"href":"https:\/\/hostelsibiu.com\/ro\/wp-json\/wp\/v2\/users\/1"}],"replies":[{"embeddable":true,"href":"https:\/\/hostelsibiu.com\/ro\/wp-json\/wp\/v2\/comments?post=27"}],"version-history":[{"count":25,"href":"https:\/\/hostelsibiu.com\/ro\/wp-json\/wp\/v2\/pages\/27\/revisions"}],"predecessor-version":[{"id":282,"href":"https:\/\/hostelsibiu.com\/ro\/wp-json\/wp\/v2\/pages\/27\/revisions\/282"}],"wp:attachment":[{"href":"https:\/\/hostelsibiu.com\/ro\/wp-json\/wp\/v2\/media?parent=27"}],"curies":[{"name":"wp","href":"https:\/\/api.w.org\/{rel}","templated":true}]}}