{"id":12,"date":"2023-08-10T20:23:08","date_gmt":"2023-08-10T20:23:08","guid":{"rendered":"https:\/\/hostelsibiu.com\/?page_id=12"},"modified":"2026-04-01T14:02:45","modified_gmt":"2026-04-01T14:02:45","slug":"home","status":"publish","type":"page","link":"https:\/\/hostelsibiu.com\/ro\/","title":{"rendered":"Bun venit la Hi Bye! Hostel ** Sibiu"},"content":{"rendered":"\r\n<figure class=\"wp-block-image size-full\"><img loading=\"lazy\" decoding=\"async\" width=\"447\" height=\"191\" class=\"wp-image-56\" src=\"https:\/\/hostelsibiu.com\/wp-content\/uploads\/2024\/05\/side_banner_home.jpg\" alt=\"\" \/><\/figure>\r\n\r\n\r\n<p>Bun venit la Hi Bye! Hostel ** &#8211; paradisul t\u0103u la pre\u021buri accesibile \u00een inima unui parc pitoresc din Sibiu, Rom\u00e2nia.<\/p>\r\n\r\n<p>Bucura\u021bi-v\u0103 de un refugiu lini\u0219tit \u00eenconjurat de natur\u0103, la doar c\u00e2teva minute de principalele atrac\u021bii ale Sibiului.<\/p>\r\n\r\n<p>Hi Bye! Hostel ** ofer\u0103 dormitoare accesibile la buget, cu Wi-Fi gratuit, dulapuri securizate \u0219i lenjerie de pat proasp\u0103t\u0103 pentru a asigura un sejur confortabil. Relaxa\u021bi-v\u0103 \u00een zonele noastre comune confortabile, inclusiv un lounge \u0219i o teras\u0103 \u00een aer liber.<\/p>\r\n\r\n<p>Experimenta\u021bi amestecul dintre natur\u0103 \u0219i via\u021ba ora\u0219ului cu personalul nostru prietenos \u0219i o atmosfer\u0103 primitoare la Hi Bye! Hostel **, totul la un pre\u021b imbatabil:<\/p>\r\n\r\n<p>Pre\u021b pat: 100 RON de persoan\u0103 pe noapte<\/p>\r\n\r\n<p>Mic dejun (optional, la cerere): 25 RON de persoana<\/p>\r\n\r\n\r\n\r\n<div class=\"wp-block-buttons is-layout-flex wp-block-buttons-is-layout-flex\">\r\n\r\n\r\n<div class=\"wp-block-button has-custom-width wp-block-button__width-25 has-custom-font-size is-style-outline has-medium-font-size is-style-outline--1\"><a class=\"wp-block-button__link has-black-color has-luminous-vivid-amber-background-color has-text-color has-background has-link-color wp-element-button\" href=\"https:\/\/hostelsibiu.com\/booking\/\">Rezervari<\/a><\/div>\r\n\r\n\r\n<\/div>\r\n","protected":false},"excerpt":{"rendered":"<p>Bun venit la Hi Bye! Hostel ** &#8211; paradisul t\u0103u la pre\u021buri accesibile \u00een inima unui parc pitoresc din Sibiu, Rom\u00e2nia. Bucura\u021bi-v\u0103 de un refugiu lini\u0219tit \u00eenconjurat de natur\u0103, la doar c\u00e2teva minute de principalele atrac\u021bii ale Sibiului. Hi Bye! Hostel ** ofer\u0103 dormitoare accesibile la buget, cu Wi-Fi gratuit, dulapuri securizate \u0219i lenjerie de [&hellip;]<\/p>\n","protected":false},"author":1,"featured_media":0,"parent":0,"menu_order":0,"comment_status":"closed","ping_status":"closed","template":"","meta":{"footnotes":""},"class_list":["post-12","page","type-page","status-publish","hentry"],"_links":{"self":[{"href":"https:\/\/hostelsibiu.com\/ro\/wp-json\/wp\/v2\/pages\/12","targetHints":{"allow":["GET"]}}],"collection":[{"href":"https:\/\/hostelsibiu.com\/ro\/wp-json\/wp\/v2\/pages"}],"about":[{"href":"https:\/\/hostelsibiu.com\/ro\/wp-json\/wp\/v2\/types\/page"}],"author":[{"embeddable":true,"href":"https:\/\/hostelsibiu.com\/ro\/wp-json\/wp\/v2\/users\/1"}],"replies":[{"embeddable":true,"href":"https:\/\/hostelsibiu.com\/ro\/wp-json\/wp\/v2\/comments?post=12"}],"version-history":[{"count":21,"href":"https:\/\/hostelsibiu.com\/ro\/wp-json\/wp\/v2\/pages\/12\/revisions"}],"predecessor-version":[{"id":277,"href":"https:\/\/hostelsibiu.com\/ro\/wp-json\/wp\/v2\/pages\/12\/revisions\/277"}],"wp:attachment":[{"href":"https:\/\/hostelsibiu.com\/ro\/wp-json\/wp\/v2\/media?parent=12"}],"curies":[{"name":"wp","href":"https:\/\/api.w.org\/{rel}","templated":true}]}}